
{"id":6202,"date":"2022-09-15T16:43:16","date_gmt":"2022-09-15T13:43:16","guid":{"rendered":"http:\/\/urbandentalclinic.com\/en\/?page_id=6202"},"modified":"2022-10-03T15:18:45","modified_gmt":"2022-10-03T12:18:45","slug":"contact","status":"publish","type":"page","link":"https:\/\/urbandentalclinics.com\/en\/contact\/","title":{"rendered":"Contact"},"content":{"rendered":"\t\t<div data-elementor-type=\"wp-page\" data-elementor-id=\"6202\" class=\"elementor elementor-6202\">\n\t\t\t\t\t\t\t<div class=\"elementor-element elementor-element-c132585 e-container--column e-container\" data-id=\"c132585\" data-element_type=\"container\" data-settings=\"{&quot;background_background&quot;:&quot;classic&quot;}\">\t\t\t\t<div class=\"elementor-element elementor-element-d17965d elementor-widget elementor-widget-heading\" data-id=\"d17965d\" data-element_type=\"widget\" data-widget_type=\"heading.default\">\n\t\t\t\t<div class=\"elementor-widget-container\">\n\t\t\t<style>\/*! elementor - v3.7.4 - 31-08-2022 *\/\n.elementor-heading-title{padding:0;margin:0;line-height:1}.elementor-widget-heading .elementor-heading-title[class*=elementor-size-]>a{color:inherit;font-size:inherit;line-height:inherit}.elementor-widget-heading .elementor-heading-title.elementor-size-small{font-size:15px}.elementor-widget-heading .elementor-heading-title.elementor-size-medium{font-size:19px}.elementor-widget-heading .elementor-heading-title.elementor-size-large{font-size:29px}.elementor-widget-heading .elementor-heading-title.elementor-size-xl{font-size:39px}.elementor-widget-heading .elementor-heading-title.elementor-size-xxl{font-size:59px}<\/style><h2 class=\"elementor-heading-title elementor-size-default\">Contact<\/h2>\t\t<\/div>\n\t\t\t\t<\/div>\n\t\t<\/div><div class=\"elementor-element elementor-element-205f73e0 e-container--row e-container\" data-id=\"205f73e0\" data-element_type=\"container\">\t\t<div class=\"elementor-element elementor-element-1717716b e-container--column e-container\" data-id=\"1717716b\" data-element_type=\"container\">\t\t\t\t<div class=\"elementor-element elementor-element-724cab6 elementor-widget elementor-widget-ld_lottie\" data-id=\"724cab6\" data-element_type=\"widget\" data-widget_type=\"ld_lottie.default\">\n\t\t\t\t<div class=\"elementor-widget-container\">\n\t\t\t\n        <div id=\"lqd-lottie-724cab6\" class=\"lqd-lottie\"><\/div>\n\n        \n        <script>\n            const wrapper_724cab6 = document.getElementById( 'lqd-lottie-724cab6' );\n            const animItem_724cab6 = bodymovin.loadAnimation({\n                wrapper: wrapper_724cab6,\n                animType: 'svg',\n                name: 'lqd-lottie-724cab6',\n                autoplay: true,\n                loop: true,\n                path: 'https:\/\/assets3.lottiefiles.com\/packages\/lf20_pfz632tj.json',\n                rendererSettings: {\n                    className: 'lqd-lottie',\n                }\n            });\n\n            lottie.setDirection(1, 'lqd-lottie-724cab6');\n            lottie.setSpeed(1, 'lqd-lottie-724cab6');\n\n\t\t\t\t\t\tlottie.pause('lqd-lottie-724cab6');\n\n\t\t\t\t\t\tnew IntersectionObserver(([entry]) => {\n\t\t\t\t\t\t\tif ( entry.isIntersecting ) {\n\t\t\t\t\t\t\t\tlottie.play('lqd-lottie-724cab6');\n\t\t\t\t\t\t\t} else {\n\t\t\t\t\t\t\t\tlottie.pause('lqd-lottie-724cab6')\n\t\t\t\t\t\t\t}\n\t\t\t\t\t\t}).observe(wrapper_724cab6)\n\n        <\/script>\n        \t\t<\/div>\n\t\t\t\t<\/div>\n\t\t<\/div><div class=\"elementor-element elementor-element-2a01971d e-container--column e-container\" data-id=\"2a01971d\" data-element_type=\"container\">\t\t\t\t<div class=\"elementor-element elementor-element-73c6120c elementor-widget elementor-widget-hub_fancy_heading\" data-id=\"73c6120c\" data-element_type=\"widget\" data-widget_type=\"hub_fancy_heading.default\">\n\t\t\t\t<div class=\"elementor-widget-container\">\n\t\t\t\n\t\t<div id=\"ld-fancy-heading-69f4c02fe5136\" class=\"ld-fancy-heading pos-rel\">\n\t\t\t<h6 class=\"ld-fh-element d-inline-block pos-rel  elementor-heading-title lqd-highlight-classic lqd-highlight-grow-left h6\"  > Urban Dental Cl\u0131n\u0131c<\/h6>\t\t<\/div>\n\n\t\t\t\t<\/div>\n\t\t\t\t<\/div>\n\t\t\t\t<div class=\"elementor-element elementor-element-6059d48f elementor-widget__width-inherit elementor-widget elementor-widget-hub_fancy_heading\" data-id=\"6059d48f\" data-element_type=\"widget\" data-widget_type=\"hub_fancy_heading.default\">\n\t\t\t\t<div class=\"elementor-widget-container\">\n\t\t\t\n\t\t<div id=\"ld-fancy-heading-69f4c02fe5f68\" class=\"ld-fancy-heading pos-rel\">\n\t\t\t<h3 class=\"ld-fh-element d-inline-block pos-rel  elementor-heading-title lqd-highlight-classic lqd-highlight-grow-left h3\"  > Contact Us!<\/h3>\t\t<\/div>\n\n\t\t\t\t<\/div>\n\t\t\t\t<\/div>\n\t\t\t\t<div class=\"elementor-element elementor-element-70ddb751 elementor-widget elementor-widget-ld_cf722\" data-id=\"70ddb751\" data-element_type=\"widget\" data-widget_type=\"ld_cf722.default\">\n\t\t\t\t<div class=\"elementor-widget-container\">\n\t\t\t\n\t<div class=\"lqd-contact-form lqd-contact-form-inputs-round lqd-contact-form-button-block lqd-contact-form-button-filled lqd-contact-form-button-sm lqd-contact-form-button-round lqd-contact-form-inputs-sm\" >\n\t\t<div role=\"form\" class=\"wpcf7\" id=\"wpcf7-f5707-o1\" lang=\"en-US\" dir=\"ltr\">\n<div class=\"screen-reader-response\"><p role=\"status\" aria-live=\"polite\" aria-atomic=\"true\"><\/p> <ul><\/ul><\/div>\n<form action=\"\/en\/wp-json\/wp\/v2\/pages\/6202#wpcf7-f5707-o1\" method=\"post\" class=\"wpcf7-form init\" novalidate=\"novalidate\" data-status=\"init\">\n<div style=\"display: none;\">\n<input type=\"hidden\" name=\"_wpcf7\" value=\"5707\" \/>\n<input type=\"hidden\" name=\"_wpcf7_version\" value=\"5.6.3\" \/>\n<input type=\"hidden\" name=\"_wpcf7_locale\" value=\"en_US\" \/>\n<input type=\"hidden\" name=\"_wpcf7_unit_tag\" value=\"wpcf7-f5707-o1\" \/>\n<input type=\"hidden\" name=\"_wpcf7_container_post\" value=\"0\" \/>\n<input type=\"hidden\" name=\"_wpcf7_posted_data_hash\" value=\"\" \/>\n<\/div>\n<div class=\"row\">\n<div class=\"col-md-6\">\n<p style=\"margin: 0; color: rgba(0 0 0 \/ 0.3); font-size: 12px;\">\n<p><span class=\"wpcf7-form-control-wrap\" data-name=\"text-619\"><input type=\"text\" name=\"text-619\" value=\"\" size=\"40\" class=\"wpcf7-form-control wpcf7-text wpcf7-validates-as-required\" aria-required=\"true\" aria-invalid=\"false\" placeholder=\"Name -Surname\" \/><\/span>\n<\/p><\/div>\n<div class=\"col-md-6\">\n<p style=\"margin: 0; color: rgba(0 0 0 \/ 0.3); font-size: 12px;\">\n<p><span class=\"wpcf7-form-control-wrap\" data-name=\"email-899\"><input type=\"email\" name=\"email-899\" value=\"\" size=\"40\" class=\"wpcf7-form-control wpcf7-text wpcf7-email wpcf7-validates-as-required wpcf7-validates-as-email\" aria-required=\"true\" aria-invalid=\"false\" placeholder=\"E-Mail\" \/><\/span>\n<\/p><\/div>\n<div class=\"col-md-6\">\n<p style=\"margin: 0; color: rgba(0 0 0 \/ 0.3); font-size: 12px;\">\n<p><span class=\"wpcf7-form-control-wrap\" data-name=\"tel-957\"><input type=\"tel\" name=\"tel-957\" value=\"\" size=\"40\" class=\"wpcf7-form-control wpcf7-text wpcf7-tel wpcf7-validates-as-tel\" aria-invalid=\"false\" placeholder=\"Phone\" \/><\/span>\n<\/p><\/div>\n<div class=\"col-md-6\">\n<p style=\"margin: 0; color: rgba(0 0 0 \/ 0.3); font-size: 12px;\">\n<p><span class=\"wpcf7-form-control-wrap\" data-name=\"text-353\"><input type=\"text\" name=\"text-353\" value=\"\" size=\"40\" class=\"wpcf7-form-control wpcf7-text wpcf7-validates-as-required\" aria-required=\"true\" aria-invalid=\"false\" placeholder=\"Subject\" \/><\/span>\n<\/p><\/div>\n<div class=\"col-md-12\">\n<p style=\"margin: 0; color: rgba(0 0 0 \/ 0.3); font-size: 12px;\">\n<p><span class=\"wpcf7-form-control-wrap\" data-name=\"textarea-889\"><textarea name=\"textarea-889\" cols=\"10\" rows=\"4\" class=\"wpcf7-form-control wpcf7-textarea wpcf7-validates-as-required\" aria-required=\"true\" aria-invalid=\"false\" placeholder=\"Message\"><\/textarea><\/span>\n<\/p><\/div>\n<div class=\"col-md-12\">\n<input type=\"submit\" value=\"Submit\" class=\"wpcf7-form-control has-spinner wpcf7-submit\" \/>\n<\/div>\n<\/div>\n<div class=\"wpcf7-response-output\" aria-hidden=\"true\"><\/div><\/form><\/div>\t<\/div>\n\n\t\t\t<\/div>\n\t\t\t\t<\/div>\n\t\t<\/div><\/div><div class=\"elementor-element elementor-element-4e51740 e-container--column e-container\" data-id=\"4e51740\" data-element_type=\"container\">\t\t\t\t<div class=\"elementor-element elementor-element-fcc5621 elementor-widget elementor-widget-google_maps\" data-id=\"fcc5621\" data-element_type=\"widget\" data-widget_type=\"google_maps.default\">\n\t\t\t\t<div class=\"elementor-widget-container\">\n\t\t\t<style>\/*! elementor - v3.7.4 - 31-08-2022 *\/\n.elementor-widget-google_maps .elementor-widget-container{overflow:hidden}.elementor-widget-google_maps iframe{height:300px}<\/style>\t\t<div class=\"elementor-custom-embed\">\n\t\t\t<iframe frameborder=\"0\" scrolling=\"no\" marginheight=\"0\" marginwidth=\"0\"\n\t\t\t\t\tsrc=\"https:\/\/maps.google.com\/maps?q=Maslak%20Meydan%20Sok.%20Beybi%20Giz%20Plaza%20No%3A1%2F1%2C%20Maslak%2F%C4%B0stanbul&#038;t=m&#038;z=15&#038;output=embed&#038;iwloc=near\"\n\t\t\t\t\ttitle=\"Maslak Meydan Sok. Beybi Giz Plaza No:1\/1, Maslak\/\u0130stanbul\"\n\t\t\t\t\taria-label=\"Maslak Meydan Sok. Beybi Giz Plaza No:1\/1, Maslak\/\u0130stanbul\"\n\t\t\t><\/iframe>\n\t\t<\/div>\n\t\t\t\t<\/div>\n\t\t\t\t<\/div>\n\t\t<\/div><div class=\"elementor-element elementor-element-f718747 e-container--row e-container\" data-id=\"f718747\" data-element_type=\"container\">\t\t<div class=\"elementor-element elementor-element-c657e8d e-container--column e-container\" data-id=\"c657e8d\" data-element_type=\"container\">\t\t<\/div><div class=\"elementor-element elementor-element-588568d e-container--column e-container\" data-id=\"588568d\" data-element_type=\"container\" data-settings=\"{&quot;background_background&quot;:&quot;classic&quot;}\">\t\t\t\t<div class=\"elementor-element elementor-element-832622a elementor-widget elementor-widget-hub_fancy_heading\" data-id=\"832622a\" data-element_type=\"widget\" data-widget_type=\"hub_fancy_heading.default\">\n\t\t\t\t<div class=\"elementor-widget-container\">\n\t\t\t\n\t\t<div id=\"ld-fancy-heading-69f4c02fea66f\" class=\"ld-fancy-heading pos-rel\">\n\t\t\t<h4 class=\"ld-fh-element d-inline-block pos-rel  elementor-heading-title lqd-highlight-classic lqd-highlight-grow-left h4\"  > Contact <\/h4>\t\t<\/div>\n\n\t\t\t\t<\/div>\n\t\t\t\t<\/div>\n\t\t\t\t<div class=\"elementor-element elementor-element-03548c6 elementor-widget-divider--view-line elementor-widget elementor-widget-divider\" data-id=\"03548c6\" data-element_type=\"widget\" data-widget_type=\"divider.default\">\n\t\t\t\t<div class=\"elementor-widget-container\">\n\t\t\t<style>\/*! elementor - v3.7.4 - 31-08-2022 *\/\n.elementor-widget-divider{--divider-border-style:none;--divider-border-width:1px;--divider-color:#2c2c2c;--divider-icon-size:20px;--divider-element-spacing:10px;--divider-pattern-height:24px;--divider-pattern-size:20px;--divider-pattern-url:none;--divider-pattern-repeat:repeat-x}.elementor-widget-divider .elementor-divider{display:-webkit-box;display:-ms-flexbox;display:flex}.elementor-widget-divider .elementor-divider__text{font-size:15px;line-height:1;max-width:95%}.elementor-widget-divider .elementor-divider__element{margin:0 var(--divider-element-spacing);-ms-flex-negative:0;flex-shrink:0}.elementor-widget-divider .elementor-icon{font-size:var(--divider-icon-size)}.elementor-widget-divider .elementor-divider-separator{display:-webkit-box;display:-ms-flexbox;display:flex;margin:0;direction:ltr}.elementor-widget-divider--view-line_icon .elementor-divider-separator,.elementor-widget-divider--view-line_text .elementor-divider-separator{-webkit-box-align:center;-ms-flex-align:center;align-items:center}.elementor-widget-divider--view-line_icon .elementor-divider-separator:after,.elementor-widget-divider--view-line_icon .elementor-divider-separator:before,.elementor-widget-divider--view-line_text .elementor-divider-separator:after,.elementor-widget-divider--view-line_text .elementor-divider-separator:before{display:block;content:\"\";border-bottom:0;-webkit-box-flex:1;-ms-flex-positive:1;flex-grow:1;border-top:var(--divider-border-width) var(--divider-border-style) var(--divider-color)}.elementor-widget-divider--element-align-left .elementor-divider .elementor-divider-separator>.elementor-divider__svg:first-of-type{-webkit-box-flex:0;-ms-flex-positive:0;flex-grow:0;-ms-flex-negative:100;flex-shrink:100}.elementor-widget-divider--element-align-left .elementor-divider-separator:before{content:none}.elementor-widget-divider--element-align-left .elementor-divider__element{margin-left:0}.elementor-widget-divider--element-align-right .elementor-divider .elementor-divider-separator>.elementor-divider__svg:last-of-type{-webkit-box-flex:0;-ms-flex-positive:0;flex-grow:0;-ms-flex-negative:100;flex-shrink:100}.elementor-widget-divider--element-align-right .elementor-divider-separator:after{content:none}.elementor-widget-divider--element-align-right .elementor-divider__element{margin-right:0}.elementor-widget-divider:not(.elementor-widget-divider--view-line_text):not(.elementor-widget-divider--view-line_icon) .elementor-divider-separator{border-top:var(--divider-border-width) var(--divider-border-style) var(--divider-color)}.elementor-widget-divider--separator-type-pattern{--divider-border-style:none}.elementor-widget-divider--separator-type-pattern.elementor-widget-divider--view-line .elementor-divider-separator,.elementor-widget-divider--separator-type-pattern:not(.elementor-widget-divider--view-line) .elementor-divider-separator:after,.elementor-widget-divider--separator-type-pattern:not(.elementor-widget-divider--view-line) .elementor-divider-separator:before,.elementor-widget-divider--separator-type-pattern:not([class*=elementor-widget-divider--view]) .elementor-divider-separator{width:100%;min-height:var(--divider-pattern-height);-webkit-mask-size:var(--divider-pattern-size) 100%;mask-size:var(--divider-pattern-size) 100%;-webkit-mask-repeat:var(--divider-pattern-repeat);mask-repeat:var(--divider-pattern-repeat);background-color:var(--divider-color);-webkit-mask-image:var(--divider-pattern-url);mask-image:var(--divider-pattern-url)}.elementor-widget-divider--no-spacing{--divider-pattern-size:auto}.elementor-widget-divider--bg-round{--divider-pattern-repeat:round}.rtl .elementor-widget-divider .elementor-divider__text{direction:rtl}.e-container>.elementor-widget-divider{width:var(--container-widget-width,100%);--flex-grow:var(--container-widget-flex-grow,0)}<\/style>\t\t<div class=\"elementor-divider\">\n\t\t\t<span class=\"elementor-divider-separator\">\n\t\t\t\t\t\t<\/span>\n\t\t<\/div>\n\t\t\t\t<\/div>\n\t\t\t\t<\/div>\n\t\t\t\t<div class=\"elementor-element elementor-element-9b700f7 elementor-widget__width-inherit elementor-widget elementor-widget-hub_fancy_heading\" data-id=\"9b700f7\" data-element_type=\"widget\" data-widget_type=\"hub_fancy_heading.default\">\n\t\t\t\t<div class=\"elementor-widget-container\">\n\t\t\t\n\t\t<div id=\"ld-fancy-heading-69f4c02fec0c5\" class=\"ld-fancy-heading pos-rel\">\n\t\t\t<p class=\"ld-fh-element d-inline-block pos-rel  lqd-highlight-classic lqd-highlight-grow-left p\"  > ADDRESS<\/p>\t\t<\/div>\n\n\t\t\t\t<\/div>\n\t\t\t\t<\/div>\n\t\t\t\t<div class=\"elementor-element elementor-element-c6f3e34 elementor-widget__width-inherit elementor-widget elementor-widget-hub_fancy_heading\" data-id=\"c6f3e34\" data-element_type=\"widget\" data-widget_type=\"hub_fancy_heading.default\">\n\t\t\t\t<div class=\"elementor-widget-container\">\n\t\t\t\n\t\t<div id=\"ld-fancy-heading-69f4c02fecd53\" class=\"ld-fancy-heading pos-rel\">\n\t\t\t<p class=\"ld-fh-element d-inline-block pos-rel  lqd-highlight-classic lqd-highlight-grow-left p\"  > Maslak \u0130stanbul \u2014 Maslak Meydan Sok. <br>Beybi Giz Plaza No:1\/1 <\/p>\t\t<\/div>\n\n\t\t\t\t<\/div>\n\t\t\t\t<\/div>\n\t\t\t\t<div class=\"elementor-element elementor-element-3599473 elementor-widget__width-inherit elementor-widget elementor-widget-hub_fancy_heading\" data-id=\"3599473\" data-element_type=\"widget\" data-widget_type=\"hub_fancy_heading.default\">\n\t\t\t\t<div class=\"elementor-widget-container\">\n\t\t\t\n\t\t<div id=\"ld-fancy-heading-69f4c02fed9f5\" class=\"ld-fancy-heading pos-rel\">\n\t\t\t<p class=\"ld-fh-element d-inline-block pos-rel  lqd-highlight-classic lqd-highlight-grow-left p\"  > TELEPHONE<\/p>\t\t<\/div>\n\n\t\t\t\t<\/div>\n\t\t\t\t<\/div>\n\t\t\t\t<div class=\"elementor-element elementor-element-15e184f1 elementor-widget__width-inherit elementor-widget elementor-widget-hub_fancy_heading\" data-id=\"15e184f1\" data-element_type=\"widget\" data-widget_type=\"hub_fancy_heading.default\">\n\t\t\t\t<div class=\"elementor-widget-container\">\n\t\t\t\n\t\t<div id=\"ld-fancy-heading-69f4c02fee771\" class=\"ld-fancy-heading pos-rel\">\n\t\t\t<p class=\"ld-fh-element d-inline-block pos-rel  lqd-highlight-classic lqd-highlight-grow-left p\"  > (0212) 290 3 290<\/p>\t\t<\/div>\n\n\t\t\t\t<\/div>\n\t\t\t\t<\/div>\n\t\t\t\t<div class=\"elementor-element elementor-element-6625c7a elementor-widget__width-inherit elementor-widget elementor-widget-hub_fancy_heading\" data-id=\"6625c7a\" data-element_type=\"widget\" data-widget_type=\"hub_fancy_heading.default\">\n\t\t\t\t<div class=\"elementor-widget-container\">\n\t\t\t\n\t\t<div id=\"ld-fancy-heading-69f4c02fef518\" class=\"ld-fancy-heading pos-rel\">\n\t\t\t<p class=\"ld-fh-element d-inline-block pos-rel  lqd-highlight-classic lqd-highlight-grow-left p\"  > WHATSAPP<\/p>\t\t<\/div>\n\n\t\t\t\t<\/div>\n\t\t\t\t<\/div>\n\t\t\t\t<div class=\"elementor-element elementor-element-73a8fef elementor-widget__width-inherit elementor-widget elementor-widget-hub_fancy_heading\" data-id=\"73a8fef\" data-element_type=\"widget\" data-widget_type=\"hub_fancy_heading.default\">\n\t\t\t\t<div class=\"elementor-widget-container\">\n\t\t\t\n\t\t<div id=\"ld-fancy-heading-69f4c02ff029b\" class=\"ld-fancy-heading pos-rel\">\n\t\t\t<p class=\"ld-fh-element d-inline-block pos-rel  lqd-highlight-classic lqd-highlight-grow-left p\"  > 0(531) 990 9 230<\/p>\t\t<\/div>\n\n\t\t\t\t<\/div>\n\t\t\t\t<\/div>\n\t\t\t\t<div class=\"elementor-element elementor-element-352ea625 elementor-widget__width-inherit elementor-widget elementor-widget-hub_fancy_heading\" data-id=\"352ea625\" data-element_type=\"widget\" data-widget_type=\"hub_fancy_heading.default\">\n\t\t\t\t<div class=\"elementor-widget-container\">\n\t\t\t\n\t\t<div id=\"ld-fancy-heading-69f4c02ff10af\" class=\"ld-fancy-heading pos-rel\">\n\t\t\t<p class=\"ld-fh-element d-inline-block pos-rel  lqd-highlight-classic lqd-highlight-grow-left p\"  > MAIL ADDRESS<\/p>\t\t<\/div>\n\n\t\t\t\t<\/div>\n\t\t\t\t<\/div>\n\t\t\t\t<div class=\"elementor-element elementor-element-78f7d8f9 elementor-widget__width-inherit elementor-widget elementor-widget-hub_fancy_heading\" data-id=\"78f7d8f9\" data-element_type=\"widget\" data-widget_type=\"hub_fancy_heading.default\">\n\t\t\t\t<div class=\"elementor-widget-container\">\n\t\t\t\n\t\t<div id=\"ld-fancy-heading-69f4c02ff1dca\" class=\"ld-fancy-heading pos-rel\">\n\t\t\t<p class=\"ld-fh-element d-inline-block pos-rel  lqd-highlight-classic lqd-highlight-grow-left p\"  > info@urbandentalclinics.com<\/p>\t\t<\/div>\n\n\t\t\t\t<\/div>\n\t\t\t\t<\/div>\n\t\t<\/div><\/div>\t\t\t\t\t<\/div>\n\t\t   ","protected":false},"excerpt":{"rendered":"<p>Contact Urban Dental Cl\u0131n\u0131c Contact Us! Contact ADDRESS Maslak \u0130stanbul \u2014 Maslak Meydan Sok. Beybi Giz Plaza No:1\/1 TELEPHONE (0212) 290 3 290 WHATSAPP 0(531) 990 9 230 MAIL ADDRESS info@urbandentalclinics.com<\/p>\n","protected":false},"author":1,"featured_media":0,"parent":0,"menu_order":0,"comment_status":"closed","ping_status":"closed","template":"","meta":{"footnotes":""},"class_list":["post-6202","page","type-page","status-publish","hentry"],"yoast_head":"<!-- This site is optimized with the Yoast SEO plugin v19.8 - https:\/\/yoast.com\/wordpress\/plugins\/seo\/ -->\n<title>Urban Dental Clinic - Contact<\/title>\n<meta name=\"robots\" content=\"index, follow, max-snippet:-1, max-image-preview:large, max-video-preview:-1\" \/>\n<link rel=\"canonical\" href=\"https:\/\/urbandentalclinics.com\/en\/contact\/\" \/>\n<meta property=\"og:locale\" content=\"tr_TR\" \/>\n<meta property=\"og:type\" content=\"article\" \/>\n<meta property=\"og:title\" content=\"Urban Dental Clinic - Contact\" \/>\n<meta property=\"og:description\" content=\"Contact Urban Dental Cl\u0131n\u0131c Contact Us! Contact ADDRESS Maslak \u0130stanbul \u2014 Maslak Meydan Sok. Beybi Giz Plaza No:1\/1 TELEPHONE (0212) 290 3 290 WHATSAPP 0(531) 990 9 230 MAIL ADDRESS info@urbandentalclinics.com\" \/>\n<meta property=\"og:url\" content=\"https:\/\/urbandentalclinics.com\/en\/contact\/\" \/>\n<meta property=\"og:site_name\" content=\"Urban Dental Clinic\" \/>\n<meta property=\"article:modified_time\" content=\"2022-10-03T12:18:45+00:00\" \/>\n<meta name=\"twitter:card\" content=\"summary_large_image\" \/>\n<script type=\"application\/ld+json\" class=\"yoast-schema-graph\">{\"@context\":\"https:\/\/schema.org\",\"@graph\":[{\"@type\":\"WebPage\",\"@id\":\"https:\/\/urbandentalclinics.com\/en\/contact\/\",\"url\":\"https:\/\/urbandentalclinics.com\/en\/contact\/\",\"name\":\"Urban Dental Clinic - Contact\",\"isPartOf\":{\"@id\":\"https:\/\/urbandentalclinics.com\/en\/#website\"},\"datePublished\":\"2022-09-15T13:43:16+00:00\",\"dateModified\":\"2022-10-03T12:18:45+00:00\",\"breadcrumb\":{\"@id\":\"https:\/\/urbandentalclinics.com\/en\/contact\/#breadcrumb\"},\"inLanguage\":\"tr\",\"potentialAction\":[{\"@type\":\"ReadAction\",\"target\":[\"https:\/\/urbandentalclinics.com\/en\/contact\/\"]}]},{\"@type\":\"BreadcrumbList\",\"@id\":\"https:\/\/urbandentalclinics.com\/en\/contact\/#breadcrumb\",\"itemListElement\":[{\"@type\":\"ListItem\",\"position\":1,\"name\":\"Anasayfa\",\"item\":\"https:\/\/urbandentalclinics.com\/en\/\"},{\"@type\":\"ListItem\",\"position\":2,\"name\":\"Contact\"}]},{\"@type\":\"WebSite\",\"@id\":\"https:\/\/urbandentalclinics.com\/en\/#website\",\"url\":\"https:\/\/urbandentalclinics.com\/en\/\",\"name\":\"Urban Dental Clinic\",\"description\":\"\",\"publisher\":{\"@id\":\"https:\/\/urbandentalclinics.com\/en\/#organization\"},\"potentialAction\":[{\"@type\":\"SearchAction\",\"target\":{\"@type\":\"EntryPoint\",\"urlTemplate\":\"https:\/\/urbandentalclinics.com\/en\/?s={search_term_string}\"},\"query-input\":\"required name=search_term_string\"}],\"inLanguage\":\"tr\"},{\"@type\":\"Organization\",\"@id\":\"https:\/\/urbandentalclinics.com\/en\/#organization\",\"name\":\"Urban Dental Clinic\",\"url\":\"https:\/\/urbandentalclinics.com\/en\/\",\"sameAs\":[],\"logo\":{\"@type\":\"ImageObject\",\"inLanguage\":\"tr\",\"@id\":\"https:\/\/urbandentalclinics.com\/en\/#\/schema\/logo\/image\/\",\"url\":\"https:\/\/urbandentalclinics.com\/en\/wp-content\/uploads\/2022\/07\/logo-1-2.png\",\"contentUrl\":\"https:\/\/urbandentalclinics.com\/en\/wp-content\/uploads\/2022\/07\/logo-1-2.png\",\"width\":56,\"height\":67,\"caption\":\"Urban Dental Clinic\"},\"image\":{\"@id\":\"https:\/\/urbandentalclinics.com\/en\/#\/schema\/logo\/image\/\"}}]}<\/script>\n<!-- \/ Yoast SEO plugin. -->","yoast_head_json":{"title":"Urban Dental Clinic - Contact","robots":{"index":"index","follow":"follow","max-snippet":"max-snippet:-1","max-image-preview":"max-image-preview:large","max-video-preview":"max-video-preview:-1"},"canonical":"https:\/\/urbandentalclinics.com\/en\/contact\/","og_locale":"tr_TR","og_type":"article","og_title":"Urban Dental Clinic - Contact","og_description":"Contact Urban Dental Cl\u0131n\u0131c Contact Us! Contact ADDRESS Maslak \u0130stanbul \u2014 Maslak Meydan Sok. Beybi Giz Plaza No:1\/1 TELEPHONE (0212) 290 3 290 WHATSAPP 0(531) 990 9 230 MAIL ADDRESS info@urbandentalclinics.com","og_url":"https:\/\/urbandentalclinics.com\/en\/contact\/","og_site_name":"Urban Dental Clinic","article_modified_time":"2022-10-03T12:18:45+00:00","twitter_card":"summary_large_image","schema":{"@context":"https:\/\/schema.org","@graph":[{"@type":"WebPage","@id":"https:\/\/urbandentalclinics.com\/en\/contact\/","url":"https:\/\/urbandentalclinics.com\/en\/contact\/","name":"Urban Dental Clinic - Contact","isPartOf":{"@id":"https:\/\/urbandentalclinics.com\/en\/#website"},"datePublished":"2022-09-15T13:43:16+00:00","dateModified":"2022-10-03T12:18:45+00:00","breadcrumb":{"@id":"https:\/\/urbandentalclinics.com\/en\/contact\/#breadcrumb"},"inLanguage":"tr","potentialAction":[{"@type":"ReadAction","target":["https:\/\/urbandentalclinics.com\/en\/contact\/"]}]},{"@type":"BreadcrumbList","@id":"https:\/\/urbandentalclinics.com\/en\/contact\/#breadcrumb","itemListElement":[{"@type":"ListItem","position":1,"name":"Anasayfa","item":"https:\/\/urbandentalclinics.com\/en\/"},{"@type":"ListItem","position":2,"name":"Contact"}]},{"@type":"WebSite","@id":"https:\/\/urbandentalclinics.com\/en\/#website","url":"https:\/\/urbandentalclinics.com\/en\/","name":"Urban Dental Clinic","description":"","publisher":{"@id":"https:\/\/urbandentalclinics.com\/en\/#organization"},"potentialAction":[{"@type":"SearchAction","target":{"@type":"EntryPoint","urlTemplate":"https:\/\/urbandentalclinics.com\/en\/?s={search_term_string}"},"query-input":"required name=search_term_string"}],"inLanguage":"tr"},{"@type":"Organization","@id":"https:\/\/urbandentalclinics.com\/en\/#organization","name":"Urban Dental Clinic","url":"https:\/\/urbandentalclinics.com\/en\/","sameAs":[],"logo":{"@type":"ImageObject","inLanguage":"tr","@id":"https:\/\/urbandentalclinics.com\/en\/#\/schema\/logo\/image\/","url":"https:\/\/urbandentalclinics.com\/en\/wp-content\/uploads\/2022\/07\/logo-1-2.png","contentUrl":"https:\/\/urbandentalclinics.com\/en\/wp-content\/uploads\/2022\/07\/logo-1-2.png","width":56,"height":67,"caption":"Urban Dental Clinic"},"image":{"@id":"https:\/\/urbandentalclinics.com\/en\/#\/schema\/logo\/image\/"}}]}},"_links":{"self":[{"href":"https:\/\/urbandentalclinics.com\/en\/wp-json\/wp\/v2\/pages\/6202","targetHints":{"allow":["GET"]}}],"collection":[{"href":"https:\/\/urbandentalclinics.com\/en\/wp-json\/wp\/v2\/pages"}],"about":[{"href":"https:\/\/urbandentalclinics.com\/en\/wp-json\/wp\/v2\/types\/page"}],"author":[{"embeddable":true,"href":"https:\/\/urbandentalclinics.com\/en\/wp-json\/wp\/v2\/users\/1"}],"replies":[{"embeddable":true,"href":"https:\/\/urbandentalclinics.com\/en\/wp-json\/wp\/v2\/comments?post=6202"}],"version-history":[{"count":56,"href":"https:\/\/urbandentalclinics.com\/en\/wp-json\/wp\/v2\/pages\/6202\/revisions"}],"predecessor-version":[{"id":7004,"href":"https:\/\/urbandentalclinics.com\/en\/wp-json\/wp\/v2\/pages\/6202\/revisions\/7004"}],"wp:attachment":[{"href":"https:\/\/urbandentalclinics.com\/en\/wp-json\/wp\/v2\/media?parent=6202"}],"curies":[{"name":"wp","href":"https:\/\/api.w.org\/{rel}","templated":true}]}}