
{"id":6306,"date":"2022-09-16T10:29:23","date_gmt":"2022-09-16T07:29:23","guid":{"rendered":"http:\/\/urbandentalclinic.com\/en\/?page_id=6306"},"modified":"2022-09-22T12:29:51","modified_gmt":"2022-09-22T09:29:51","slug":"dr-tugce-yuca-ozturk","status":"publish","type":"page","link":"https:\/\/urbandentalclinics.com\/en\/dr-tugce-yuca-ozturk\/","title":{"rendered":"Dr. Tu\u011f\u00e7e Yuca \u00d6zt\u00fcrk"},"content":{"rendered":"\t\t<div data-elementor-type=\"wp-page\" data-elementor-id=\"6306\" class=\"elementor elementor-6306\">\n\t\t\t\t\t\t\t<div class=\"elementor-element elementor-element-c132585 e-container--column e-container\" data-id=\"c132585\" data-element_type=\"container\" data-settings=\"{&quot;background_background&quot;:&quot;classic&quot;}\">\t\t\t\t<div class=\"elementor-element elementor-element-d17965d elementor-widget elementor-widget-heading\" data-id=\"d17965d\" data-element_type=\"widget\" data-widget_type=\"heading.default\">\n\t\t\t\t<div class=\"elementor-widget-container\">\n\t\t\t<style>\/*! elementor - v3.7.4 - 31-08-2022 *\/\n.elementor-heading-title{padding:0;margin:0;line-height:1}.elementor-widget-heading .elementor-heading-title[class*=elementor-size-]>a{color:inherit;font-size:inherit;line-height:inherit}.elementor-widget-heading .elementor-heading-title.elementor-size-small{font-size:15px}.elementor-widget-heading .elementor-heading-title.elementor-size-medium{font-size:19px}.elementor-widget-heading .elementor-heading-title.elementor-size-large{font-size:29px}.elementor-widget-heading .elementor-heading-title.elementor-size-xl{font-size:39px}.elementor-widget-heading .elementor-heading-title.elementor-size-xxl{font-size:59px}<\/style><h2 class=\"elementor-heading-title elementor-size-default\">Dr. Tu\u011f\u00e7e Yuca \u00d6zt\u00fcrk\n<\/h2>\t\t<\/div>\n\t\t\t\t<\/div>\n\t\t<\/div><div class=\"elementor-element elementor-element-a10a2cd e-container--row e-container\" data-id=\"a10a2cd\" data-element_type=\"container\">\t\t<div class=\"elementor-element elementor-element-be137fa e-container--column e-container\" data-id=\"be137fa\" data-element_type=\"container\">\t\t\t\t<div class=\"elementor-element elementor-element-327fb5e elementor-widget elementor-widget-image\" data-id=\"327fb5e\" data-element_type=\"widget\" data-widget_type=\"image.default\">\n\t\t\t\t<div class=\"elementor-widget-container\">\n\t\t\t<style>\/*! elementor - v3.7.4 - 31-08-2022 *\/\n.elementor-widget-image{text-align:center}.elementor-widget-image a{display:inline-block}.elementor-widget-image a img[src$=\".svg\"]{width:48px}.elementor-widget-image img{vertical-align:middle;display:inline-block}<\/style>\t\t\t\t\t\t\t\t\t\t\t\t<img decoding=\"async\" width=\"570\" height=\"696\" src=\"https:\/\/urbandentalclinics.com\/en\/wp-content\/uploads\/2022\/09\/2.png\" class=\"attachment-large size-large\" alt=\"\" srcset=\"https:\/\/urbandentalclinics.com\/en\/wp-content\/uploads\/2022\/09\/2.png 570w, https:\/\/urbandentalclinics.com\/en\/wp-content\/uploads\/2022\/09\/2-246x300.png 246w\" sizes=\"(max-width: 570px) 100vw, 570px\" \/>\t\t\t\t\t\t\t\t\t\t\t\t\t\t\t<\/div>\n\t\t\t\t<\/div>\n\t\t<\/div><div class=\"elementor-element elementor-element-34a8225 e-container--column e-container\" data-id=\"34a8225\" data-element_type=\"container\">\t\t\t\t<div class=\"elementor-element elementor-element-d062634 elementor-widget elementor-widget-text-editor\" data-id=\"d062634\" data-element_type=\"widget\" data-widget_type=\"text-editor.default\">\n\t\t\t\t<div class=\"elementor-widget-container\">\n\t\t\t<style>\/*! elementor - v3.7.4 - 31-08-2022 *\/\n.elementor-widget-text-editor.elementor-drop-cap-view-stacked .elementor-drop-cap{background-color:#818a91;color:#fff}.elementor-widget-text-editor.elementor-drop-cap-view-framed .elementor-drop-cap{color:#818a91;border:3px solid;background-color:transparent}.elementor-widget-text-editor:not(.elementor-drop-cap-view-default) .elementor-drop-cap{margin-top:8px}.elementor-widget-text-editor:not(.elementor-drop-cap-view-default) .elementor-drop-cap-letter{width:1em;height:1em}.elementor-widget-text-editor .elementor-drop-cap{float:left;text-align:center;line-height:1;font-size:50px}.elementor-widget-text-editor .elementor-drop-cap-letter{display:inline-block}<\/style>\t\t\t\t<p>Born in 1991 in Istanbul, Dr Tu\u011f\u00e7e Yuca \u00d6zt\u00fcrk completed her high school education at K\u00fclt\u00fcr Fen High School. She graduated from Ege University Faculty of Dentistry, where she started her academic education in 2009. She earned her master\u2019s degree in 2014 with her thesis on \u201cDiagnosis and Treatment of Diastema\u201d.<\/p><p>In 2015, she started her speciality training at Bezmialem Vak\u0131f University Faculty of Dentistry, Department of Endodontics.<\/p><p><strong>We keep the comfort of our patients in the center of oral and dental health perspective.<\/strong><\/p><p>In 2016, she was at the University of Milan due to her scientific research conducted jointly with Prof Dr Massimo Del Fabbro and his team. She completed her speciality training in 2019. Tu\u011f\u00e7e Yuca \u00d6zt\u00fcrk received the title of Specialist Dentist by presenting her specialist thesis titled \u201cEvaluation of the Cytotoxic Properties of Modified Biodentine Material with Bioactive Glass Nanoparticles\u201d. In the summer of 2019, she had the opportunity to closely observe the work of Dr Louis Guenin and his team in London. Dr Tu\u011f\u00e7e Yuca \u00d6zt\u00fcrk, who has participated in many congresses and symposiums at home and abroad, has many scientific presentations and publications in various congresses.<\/p><p>Dr Tu\u011f\u00e7e Yuca \u00d6zt\u00fcrk, who founded the Urban Dental Clinic with Dr Yusuf Yuca in 2020 and continues to accept her patients here, is a member of the Turkish Endodontics Association, the European Endodontics Association, the World Endodontics Association and the Aesthetic Dentistry Academy (EDAD).<\/p>\t\t\t\t\t\t<\/div>\n\t\t\t\t<\/div>\n\t\t<\/div><\/div>\t\t\t\t\t<\/div>\n\t\t   ","protected":false},"excerpt":{"rendered":"<p>Dr. Tu\u011f\u00e7e Yuca \u00d6zt\u00fcrk Born in 1991 in Istanbul, Dr Tu\u011f\u00e7e Yuca \u00d6zt\u00fcrk completed her high school education at K\u00fclt\u00fcr Fen High School. She graduated from Ege University Faculty of Dentistry, where she started her academic education in 2009. She earned her master\u2019s degree in 2014 with her thesis on \u201cDiagnosis and Treatment of Diastema\u201d. [&hellip;]<\/p>\n","protected":false},"author":1,"featured_media":0,"parent":0,"menu_order":0,"comment_status":"closed","ping_status":"closed","template":"","meta":{"footnotes":""},"class_list":["post-6306","page","type-page","status-publish","hentry"],"yoast_head":"<!-- This site is optimized with the Yoast SEO plugin v19.8 - https:\/\/yoast.com\/wordpress\/plugins\/seo\/ -->\n<title>Urban Dental Clinic - Dr. Tu\u011f\u00e7e Yuca \u00d6zt\u00fcrk<\/title>\n<meta name=\"robots\" content=\"index, follow, max-snippet:-1, max-image-preview:large, max-video-preview:-1\" \/>\n<link rel=\"canonical\" href=\"https:\/\/urbandentalclinics.com\/en\/dr-tugce-yuca-ozturk\/\" \/>\n<meta property=\"og:locale\" content=\"tr_TR\" \/>\n<meta property=\"og:type\" content=\"article\" \/>\n<meta property=\"og:title\" content=\"Urban Dental Clinic - Dr. Tu\u011f\u00e7e Yuca \u00d6zt\u00fcrk\" \/>\n<meta property=\"og:description\" content=\"Dr. Tu\u011f\u00e7e Yuca \u00d6zt\u00fcrk Born in 1991 in Istanbul, Dr Tu\u011f\u00e7e Yuca \u00d6zt\u00fcrk completed her high school education at K\u00fclt\u00fcr Fen High School. She graduated from Ege University Faculty of Dentistry, where she started her academic education in 2009. She earned her master\u2019s degree in 2014 with her thesis on \u201cDiagnosis and Treatment of Diastema\u201d. [&hellip;]\" \/>\n<meta property=\"og:url\" content=\"https:\/\/urbandentalclinics.com\/en\/dr-tugce-yuca-ozturk\/\" \/>\n<meta property=\"og:site_name\" content=\"Urban Dental Clinic\" \/>\n<meta property=\"article:modified_time\" content=\"2022-09-22T09:29:51+00:00\" \/>\n<meta property=\"og:image\" content=\"http:\/\/urbandentalclinics.com\/en\/wp-content\/uploads\/2022\/09\/2.png\" \/>\n<meta name=\"twitter:card\" content=\"summary_large_image\" \/>\n<meta name=\"twitter:label1\" content=\"Tahmini okuma s\u00fcresi\" \/>\n\t<meta name=\"twitter:data1\" content=\"1 dakika\" \/>\n<script type=\"application\/ld+json\" class=\"yoast-schema-graph\">{\"@context\":\"https:\/\/schema.org\",\"@graph\":[{\"@type\":\"WebPage\",\"@id\":\"https:\/\/urbandentalclinics.com\/en\/dr-tugce-yuca-ozturk\/\",\"url\":\"https:\/\/urbandentalclinics.com\/en\/dr-tugce-yuca-ozturk\/\",\"name\":\"Urban Dental Clinic - Dr. Tu\u011f\u00e7e Yuca \u00d6zt\u00fcrk\",\"isPartOf\":{\"@id\":\"https:\/\/urbandentalclinics.com\/en\/#website\"},\"datePublished\":\"2022-09-16T07:29:23+00:00\",\"dateModified\":\"2022-09-22T09:29:51+00:00\",\"breadcrumb\":{\"@id\":\"https:\/\/urbandentalclinics.com\/en\/dr-tugce-yuca-ozturk\/#breadcrumb\"},\"inLanguage\":\"tr\",\"potentialAction\":[{\"@type\":\"ReadAction\",\"target\":[\"https:\/\/urbandentalclinics.com\/en\/dr-tugce-yuca-ozturk\/\"]}]},{\"@type\":\"BreadcrumbList\",\"@id\":\"https:\/\/urbandentalclinics.com\/en\/dr-tugce-yuca-ozturk\/#breadcrumb\",\"itemListElement\":[{\"@type\":\"ListItem\",\"position\":1,\"name\":\"Anasayfa\",\"item\":\"https:\/\/urbandentalclinics.com\/en\/\"},{\"@type\":\"ListItem\",\"position\":2,\"name\":\"Dr. Tu\u011f\u00e7e Yuca \u00d6zt\u00fcrk\"}]},{\"@type\":\"WebSite\",\"@id\":\"https:\/\/urbandentalclinics.com\/en\/#website\",\"url\":\"https:\/\/urbandentalclinics.com\/en\/\",\"name\":\"Urban Dental Clinic\",\"description\":\"\",\"publisher\":{\"@id\":\"https:\/\/urbandentalclinics.com\/en\/#organization\"},\"potentialAction\":[{\"@type\":\"SearchAction\",\"target\":{\"@type\":\"EntryPoint\",\"urlTemplate\":\"https:\/\/urbandentalclinics.com\/en\/?s={search_term_string}\"},\"query-input\":\"required name=search_term_string\"}],\"inLanguage\":\"tr\"},{\"@type\":\"Organization\",\"@id\":\"https:\/\/urbandentalclinics.com\/en\/#organization\",\"name\":\"Urban Dental Clinic\",\"url\":\"https:\/\/urbandentalclinics.com\/en\/\",\"sameAs\":[],\"logo\":{\"@type\":\"ImageObject\",\"inLanguage\":\"tr\",\"@id\":\"https:\/\/urbandentalclinics.com\/en\/#\/schema\/logo\/image\/\",\"url\":\"https:\/\/urbandentalclinics.com\/en\/wp-content\/uploads\/2022\/07\/logo-1-2.png\",\"contentUrl\":\"https:\/\/urbandentalclinics.com\/en\/wp-content\/uploads\/2022\/07\/logo-1-2.png\",\"width\":56,\"height\":67,\"caption\":\"Urban Dental Clinic\"},\"image\":{\"@id\":\"https:\/\/urbandentalclinics.com\/en\/#\/schema\/logo\/image\/\"}}]}<\/script>\n<!-- \/ Yoast SEO plugin. -->","yoast_head_json":{"title":"Urban Dental Clinic - Dr. Tu\u011f\u00e7e Yuca \u00d6zt\u00fcrk","robots":{"index":"index","follow":"follow","max-snippet":"max-snippet:-1","max-image-preview":"max-image-preview:large","max-video-preview":"max-video-preview:-1"},"canonical":"https:\/\/urbandentalclinics.com\/en\/dr-tugce-yuca-ozturk\/","og_locale":"tr_TR","og_type":"article","og_title":"Urban Dental Clinic - Dr. Tu\u011f\u00e7e Yuca \u00d6zt\u00fcrk","og_description":"Dr. Tu\u011f\u00e7e Yuca \u00d6zt\u00fcrk Born in 1991 in Istanbul, Dr Tu\u011f\u00e7e Yuca \u00d6zt\u00fcrk completed her high school education at K\u00fclt\u00fcr Fen High School. She graduated from Ege University Faculty of Dentistry, where she started her academic education in 2009. She earned her master\u2019s degree in 2014 with her thesis on \u201cDiagnosis and Treatment of Diastema\u201d. [&hellip;]","og_url":"https:\/\/urbandentalclinics.com\/en\/dr-tugce-yuca-ozturk\/","og_site_name":"Urban Dental Clinic","article_modified_time":"2022-09-22T09:29:51+00:00","og_image":[{"url":"http:\/\/urbandentalclinics.com\/en\/wp-content\/uploads\/2022\/09\/2.png"}],"twitter_card":"summary_large_image","twitter_misc":{"Tahmini okuma s\u00fcresi":"1 dakika"},"schema":{"@context":"https:\/\/schema.org","@graph":[{"@type":"WebPage","@id":"https:\/\/urbandentalclinics.com\/en\/dr-tugce-yuca-ozturk\/","url":"https:\/\/urbandentalclinics.com\/en\/dr-tugce-yuca-ozturk\/","name":"Urban Dental Clinic - Dr. Tu\u011f\u00e7e Yuca \u00d6zt\u00fcrk","isPartOf":{"@id":"https:\/\/urbandentalclinics.com\/en\/#website"},"datePublished":"2022-09-16T07:29:23+00:00","dateModified":"2022-09-22T09:29:51+00:00","breadcrumb":{"@id":"https:\/\/urbandentalclinics.com\/en\/dr-tugce-yuca-ozturk\/#breadcrumb"},"inLanguage":"tr","potentialAction":[{"@type":"ReadAction","target":["https:\/\/urbandentalclinics.com\/en\/dr-tugce-yuca-ozturk\/"]}]},{"@type":"BreadcrumbList","@id":"https:\/\/urbandentalclinics.com\/en\/dr-tugce-yuca-ozturk\/#breadcrumb","itemListElement":[{"@type":"ListItem","position":1,"name":"Anasayfa","item":"https:\/\/urbandentalclinics.com\/en\/"},{"@type":"ListItem","position":2,"name":"Dr. Tu\u011f\u00e7e Yuca \u00d6zt\u00fcrk"}]},{"@type":"WebSite","@id":"https:\/\/urbandentalclinics.com\/en\/#website","url":"https:\/\/urbandentalclinics.com\/en\/","name":"Urban Dental Clinic","description":"","publisher":{"@id":"https:\/\/urbandentalclinics.com\/en\/#organization"},"potentialAction":[{"@type":"SearchAction","target":{"@type":"EntryPoint","urlTemplate":"https:\/\/urbandentalclinics.com\/en\/?s={search_term_string}"},"query-input":"required name=search_term_string"}],"inLanguage":"tr"},{"@type":"Organization","@id":"https:\/\/urbandentalclinics.com\/en\/#organization","name":"Urban Dental Clinic","url":"https:\/\/urbandentalclinics.com\/en\/","sameAs":[],"logo":{"@type":"ImageObject","inLanguage":"tr","@id":"https:\/\/urbandentalclinics.com\/en\/#\/schema\/logo\/image\/","url":"https:\/\/urbandentalclinics.com\/en\/wp-content\/uploads\/2022\/07\/logo-1-2.png","contentUrl":"https:\/\/urbandentalclinics.com\/en\/wp-content\/uploads\/2022\/07\/logo-1-2.png","width":56,"height":67,"caption":"Urban Dental Clinic"},"image":{"@id":"https:\/\/urbandentalclinics.com\/en\/#\/schema\/logo\/image\/"}}]}},"_links":{"self":[{"href":"https:\/\/urbandentalclinics.com\/en\/wp-json\/wp\/v2\/pages\/6306","targetHints":{"allow":["GET"]}}],"collection":[{"href":"https:\/\/urbandentalclinics.com\/en\/wp-json\/wp\/v2\/pages"}],"about":[{"href":"https:\/\/urbandentalclinics.com\/en\/wp-json\/wp\/v2\/types\/page"}],"author":[{"embeddable":true,"href":"https:\/\/urbandentalclinics.com\/en\/wp-json\/wp\/v2\/users\/1"}],"replies":[{"embeddable":true,"href":"https:\/\/urbandentalclinics.com\/en\/wp-json\/wp\/v2\/comments?post=6306"}],"version-history":[{"count":13,"href":"https:\/\/urbandentalclinics.com\/en\/wp-json\/wp\/v2\/pages\/6306\/revisions"}],"predecessor-version":[{"id":6676,"href":"https:\/\/urbandentalclinics.com\/en\/wp-json\/wp\/v2\/pages\/6306\/revisions\/6676"}],"wp:attachment":[{"href":"https:\/\/urbandentalclinics.com\/en\/wp-json\/wp\/v2\/media?parent=6306"}],"curies":[{"name":"wp","href":"https:\/\/api.w.org\/{rel}","templated":true}]}}